{"id":3,"date":"2024-05-08T16:08:12","date_gmt":"2024-05-08T14:08:12","guid":{"rendered":"https:\/\/efyciencia.com\/?page_id=3"},"modified":"2024-05-28T11:57:36","modified_gmt":"2024-05-28T09:57:36","slug":"politica-privacidad","status":"publish","type":"page","link":"https:\/\/efyciencia.com\/gl\/politica-privacidad\/","title":{"rendered":"Pol\u00edtica de privacidade"},"content":{"rendered":"<h2 class=\"wp-block-heading\"><\/h2>\n\n\n\n<p>AM Efyciencia Ingenier\u00eda en aplicaci\u00f3n de la normativa vigente en materia de protecci\u00f3n de datos de car\u00e1cter personal, informa que los datos personales que se recogen a trav\u00e9s de los formularios del sitio web www.efyciencia.com se incluyen en los ficheros automatizados espec\u00edficos de usuarios de los servicios de AM Efyciencia Ingenier\u00eda.<br>La recogida y tratamiento automatizado de los datos de car\u00e1cter personal tiene como finalidad el mantenimiento de la relaci\u00f3n comercial y el desempe\u00f1o de tareas de informaci\u00f3n, formaci\u00f3n, asesoramiento y otras actividades propias de la empresa. <br>Estos datos \u00fanicamente ser\u00e1n cedidos a aquellas entidades que sean necesarias con el \u00fanico objetivo de dar cumplimiento a la finalidad anteriormente expuesta.<br>AM Efyciencia Ingenier\u00eda adopta las medidas necesarias para garantizar la seguridad, integridad y confidencialidad de los datos conforme a lo dispuesto en el Reglamento (UE) 2016\/679 del Parlamento Europeo y del Consejo, de 27 de abril de 2016, relativo a la protecci\u00f3n de las personas f\u00edsicas en lo que respecta al tratamiento de datos personales y a la libre circulaci\u00f3n de estos datos.<br>El usuario podr\u00e1 en cualquier momento ejercitar los derechos de acceso, oposici\u00f3n, rectificaci\u00f3n y cancelaci\u00f3n reconocidos en el citado Reglamento. El ejercicio de estos derechos puede realizarlo el propio usuario a trav\u00e9s de email a\u00a0info@efyciencia.com.<br>El usuario manifiesta que todos los datos facilitados por \u00e9l son ciertos y correctos, y se compromete a mantenerlos actualizados, comunicando los cambios a AM Efyciencia Ingenier\u00eda. <\/p>\n\n\n\n<h2 class=\"wp-block-heading\"><\/h2>","protected":false},"excerpt":{"rendered":"<p>AM Efyciencia Ingenier\u00eda en aplicaci\u00f3n de la normativa vigente en materia de protecci\u00f3n de datos de car\u00e1cter personal, informa que los datos personales que se recogen a trav\u00e9s de los formularios del sitio web www.efyciencia.com se incluyen en los ficheros automatizados espec\u00edficos de usuarios de los servicios de AM Efyciencia Ingenier\u00eda.La recogida y tratamiento automatizado de los datos de car\u00e1cter personal tiene como finalidad el mantenimiento de la relaci\u00f3n comercial y el desempe\u00f1o de tareas de informaci\u00f3n, formaci\u00f3n, asesoramiento y otras actividades propias de la empresa. Estos datos \u00fanicamente ser\u00e1n cedidos a aquellas entidades que sean necesarias con el \u00fanico<\/p>","protected":false},"author":1,"featured_media":0,"parent":0,"menu_order":0,"comment_status":"closed","ping_status":"closed","template":"","meta":{"_editorskit_title_hidden":false,"_editorskit_reading_time":0,"_editorskit_is_block_options_detached":false,"_editorskit_block_options_position":"{}","footnotes":""},"_links":{"self":[{"href":"https:\/\/efyciencia.com\/gl\/wp-json\/wp\/v2\/pages\/3"}],"collection":[{"href":"https:\/\/efyciencia.com\/gl\/wp-json\/wp\/v2\/pages"}],"about":[{"href":"https:\/\/efyciencia.com\/gl\/wp-json\/wp\/v2\/types\/page"}],"author":[{"embeddable":true,"href":"https:\/\/efyciencia.com\/gl\/wp-json\/wp\/v2\/users\/1"}],"replies":[{"embeddable":true,"href":"https:\/\/efyciencia.com\/gl\/wp-json\/wp\/v2\/comments?post=3"}],"version-history":[{"count":1,"href":"https:\/\/efyciencia.com\/gl\/wp-json\/wp\/v2\/pages\/3\/revisions"}],"predecessor-version":[{"id":173,"href":"https:\/\/efyciencia.com\/gl\/wp-json\/wp\/v2\/pages\/3\/revisions\/173"}],"wp:attachment":[{"href":"https:\/\/efyciencia.com\/gl\/wp-json\/wp\/v2\/media?parent=3"}],"curies":[{"name":"wp","href":"https:\/\/api.w.org\/{rel}","templated":true}]}}